{"id":412,"date":"2025-04-18T11:45:12","date_gmt":"2025-04-18T11:45:12","guid":{"rendered":"https:\/\/revoltons-nous.org\/?page_id=412"},"modified":"2025-04-18T16:35:57","modified_gmt":"2025-04-18T16:35:57","slug":"presentation-du-comite","status":"publish","type":"page","link":"https:\/\/comitenouveaubresil.org\/index.php\/presentation-du-comite\/","title":{"rendered":"Pr\u00e9sentation du comit\u00e9"},"content":{"rendered":"\n<h2 class=\"wp-block-heading\">Version FR<\/h2>\n\n\n\n<p><em>Pour un Br\u00e9sil \u00e9mancip\u00e9 et d\u00e9mocratique, au service du peuple !<\/em><\/p>\n\n\n\n<p>Le <strong>Comit\u00e9 Nouveau Br\u00e9sil<\/strong> est un rassemblement de d\u00e9mocrates et de r\u00e9volutionnaires en France qui s\u2019organisent pour d\u00e9fendre et faire conna\u00eetre les luttes populaires pour la d\u00e9mocratie au Br\u00e9sil.<\/p>\n\n\n\n<p>Alors que le Br\u00e9sil vit la pire crise \u00e9conomique, sociale et politique de son histoire, les attaques contre le peuple et les militants conscients sont quotidiennes. Loin du clich\u00e9 v\u00e9hicul\u00e9 ici en Europe sur les Br\u00e9siliens, le peuple est en mouvement et lutte au quotidien. Dans un chaos et une violence terrible, le peuple br\u00e9silien fait preuve d\u2019une grande bravoure en se dressant contre la r\u00e9action. Le poids des si\u00e8cles de domination coloniale, puis aujourd\u2019hui n\u00e9o-coloniale, p\u00e8se sur le br\u00e9sil comme un fardeau qui entrave le d\u00e9veloppement national. Les \u00c9tats-Unis, qui ont fait de l\u2019Am\u00e9rique Latine leur <em>pr\u00e9-carr\u00e9<\/em> \u00e0 la base de leur puissance, sont le principal ennemi du peuple br\u00e9silien. Les politiciens corrompus de droite, comme de la pseudo-gauche, qu\u2019ils se trouvent au pouvoir, ou dans \u00ab&nbsp;l\u2019opposition&nbsp;\u00bb, participent \u00e0 maintenir cette domination.<\/p>\n\n\n\n<p>Le Br\u00e9sil est domin\u00e9 par une alliance entre les capitalistes (li\u00e9s aux int\u00e9r\u00eats \u00e9trangers) et les propri\u00e9taires terriens. Des millions de Br\u00e9siliens n\u2019ont pas acc\u00e8s \u00e0 la terre et vont s\u2019entasser dans les favelas en p\u00e9riph\u00e9ries des m\u00e9tropoles tentaculaires et invivables. Ces paysans pauvres ou sans-terre sont aujourd\u2019hui le c\u0153ur du changement au Br\u00e9sil. Ils sont durement touch\u00e9s par le pouvoir, qui voit de nouveau pointer sa peur s\u00e9culaire : celle de l\u2019insurrection de l\u2019<em>interior<\/em>. Cette contradiction s\u00e9culaire entre la c\u00f4te et l\u2019int\u00e9rieur s\u2019aiguise de plus en plus et devient intenable.<\/p>\n\n\n\n<p>Dans les villes, les d\u00e9fenseurs des droits du peuple sont aussi victimes d\u2019assassinats, d\u2019intimidations de toutes sortes.<\/p>\n\n\n\n<p>Le <strong>Comit\u00e9 Nouveau Br\u00e9sil<\/strong> vise \u00e0 faire conna\u00eetre ce peuple et sa grande culture, d\u00e9fendre les luttes du peuple br\u00e9silien pour ses droits d\u00e9mocratiques et populaires, mais plus largement, il se mobilise pour l\u2019instauration d\u2019un r\u00e9gime de Nouvelle D\u00e9mocratie, seul \u00e0 m\u00eame de transformer \u00ab&nbsp;O Gigante&nbsp;\u00bb, d\u2019\u00e9manciper les masses, et de d\u00e9velopper la nation.<\/p>\n\n\n\n<p>Un br\u00e9sil v\u00e9ritablement d\u00e9mocratique d\u00e9barrass\u00e9 de la mainmise \u00e9trang\u00e8re bouleversera l\u2019Am\u00e9rique Latine et le monde.<\/p>\n\n\n\n<p><strong>Le Comit\u00e9 Nouveau Br\u00e9sil<\/strong><\/p>\n\n\n\n<h2 class=\"wp-block-heading\">Vers\u00e3o PT<\/h2>\n\n\n\n<p><em>Por um Brasil emancipado e democr\u00e1tico, a servi\u00e7o do povo!<\/em><\/p>\n\n\n\n<p>O <strong>Comit\u00ea Novo Brasil<\/strong> \u00e9 uma reuni\u00e3o de democratas e revolucion\u00e1rios que se organiza para defender e divulgar as lutas populares pela democracia no Brasil.<\/p>\n\n\n\n<p><br>Enquanto o Brasil est\u00e1 atravessando a pior crise (econ\u00f4mica, social e pol\u00edtica) da sua hist\u00f3ria, os ataques contra o povo e os militantes conscientes s\u00e3o di\u00e1rios. Longe do clich\u00e9 veiculado aqui na Europa sobre os brasileiros, o povo est\u00e1 em movimento e luta todos os dias. No meio do caos e da terr\u00edvel viol\u00eancia, o povo brasileiro mostra grande bravura em se erguer contra os reacion\u00e1rios. A carga de s\u00e9culos de dom\u00ednio colonial e agora neo-colonial pesa sobre o Brasil como um fardo que impede o desenvolvimento nacional. Os Estados Unidos, que fizeram da Am\u00e9rica Latina o seu pr\u00e9-carr\u00e9 e a base do seu poder, s\u00e3o o principal inimigo do povo brasileiro. Pol\u00edticos corruptos de direita e pseudo-esquerda, no poder ou na oposi\u00e7\u00e3o, participam na manuten\u00e7\u00e3o desse velha ordem.<\/p>\n\n\n\n<p><br>O Brasil \u00e9 dominado por uma alian\u00e7a entre os capitalistas (ligados a interesses estrangeiros) e os Latif\u00fandios. Milh\u00f5es de brasileiros n\u00e3o t\u00eam acesso \u00e0 terra e est\u00e3o amontoados nas Favelas, na periferia das grandes metr\u00f3poles inabit\u00e1vel. Estes camponeses pobres ou sem terra s\u00e3o hoje o cora\u00e7\u00e3o da mudan\u00e7a no Brasil. S\u00e3o duramente atingidos pelo velho poder que v\u00ea novamente apontar o seu medo secular, o da insurrei\u00e7\u00e3o do interior. Esta antiga contradi\u00e7\u00e3o entre as grandes cidades do litoral e o interior est\u00e1 a tornar-se cada vez mais aguda e insustent\u00e1vel.<\/p>\n\n\n\n<p>Nas cidades, os defensores dos direitos do povo s\u00e3o tamb\u00e9m v\u00edtimas de assassinatos e intimida\u00e7\u00f5es de todo os tipos.<\/p>\n\n\n\n<p>O <strong>Comit\u00ea Novo Brasil<\/strong> pretende apresentar esse povo e sua grande cultura, para defender as lutas do povo brasileiro pelos seus direitos democr\u00e1ticos e populares. Mobilizando-se amplamente para o estabelecimento de um regime da Nova Democracia, o \u00fanico capaz de transformar \u00ab O Gigante \u00bb, emancipando as massas, e desenvolvendo a na\u00e7\u00e3o.<\/p>\n\n\n\n<p>Um Brasil verdadeiramente democr\u00e1tico, livre do controle estrangeiro, e que ir\u00e1 revolucionar a Am\u00e9rica Latina e o&nbsp;mundo.<\/p>\n\n\n\n<p><\/p>\n","protected":false},"excerpt":{"rendered":"<p>Version FR Pour un Br\u00e9sil \u00e9mancip\u00e9 et d\u00e9mocratique, au service du peuple ! Le Comit\u00e9 Nouveau Br\u00e9sil est un rassemblement de d\u00e9mocrates et de r\u00e9volutionnaires en France qui s\u2019organisent pour&hellip; <\/p>\n","protected":false},"author":1,"featured_media":392,"parent":0,"menu_order":0,"comment_status":"closed","ping_status":"closed","template":"","meta":{"_themeisle_gutenberg_block_has_review":false,"footnotes":""},"class_list":["post-412","page","type-page","status-publish","has-post-thumbnail","hentry"],"_links":{"self":[{"href":"https:\/\/comitenouveaubresil.org\/index.php\/wp-json\/wp\/v2\/pages\/412","targetHints":{"allow":["GET"]}}],"collection":[{"href":"https:\/\/comitenouveaubresil.org\/index.php\/wp-json\/wp\/v2\/pages"}],"about":[{"href":"https:\/\/comitenouveaubresil.org\/index.php\/wp-json\/wp\/v2\/types\/page"}],"author":[{"embeddable":true,"href":"https:\/\/comitenouveaubresil.org\/index.php\/wp-json\/wp\/v2\/users\/1"}],"replies":[{"embeddable":true,"href":"https:\/\/comitenouveaubresil.org\/index.php\/wp-json\/wp\/v2\/comments?post=412"}],"version-history":[{"count":2,"href":"https:\/\/comitenouveaubresil.org\/index.php\/wp-json\/wp\/v2\/pages\/412\/revisions"}],"predecessor-version":[{"id":490,"href":"https:\/\/comitenouveaubresil.org\/index.php\/wp-json\/wp\/v2\/pages\/412\/revisions\/490"}],"wp:featuredmedia":[{"embeddable":true,"href":"https:\/\/comitenouveaubresil.org\/index.php\/wp-json\/wp\/v2\/media\/392"}],"wp:attachment":[{"href":"https:\/\/comitenouveaubresil.org\/index.php\/wp-json\/wp\/v2\/media?parent=412"}],"curies":[{"name":"wp","href":"https:\/\/api.w.org\/{rel}","templated":true}]}}