{"id":413,"date":"2025-04-18T11:45:12","date_gmt":"2025-04-18T11:45:12","guid":{"rendered":"https:\/\/revoltons-nous.org\/?page_id=413"},"modified":"2025-04-22T10:35:20","modified_gmt":"2025-04-22T10:35:20","slug":"agissons","status":"publish","type":"page","link":"https:\/\/comitenouveaubresil.org\/index.php\/agissons\/","title":{"rendered":"Contact"},"content":{"rendered":"\n<figure class=\"wp-block-image size-full\"><img loading=\"lazy\" decoding=\"async\" width=\"618\" height=\"171\" src=\"https:\/\/comitenouveaubresil.org\/wp-content\/uploads\/2025\/04\/contact.png\" alt=\"\" class=\"wp-image-462\" srcset=\"https:\/\/comitenouveaubresil.org\/wp-content\/uploads\/2025\/04\/contact.png 618w, https:\/\/comitenouveaubresil.org\/wp-content\/uploads\/2025\/04\/contact-300x83.png 300w\" sizes=\"auto, (max-width: 618px) 100vw, 618px\" \/><\/figure>\n\n\n\n<p><strong>N\u2019h\u00e9sitez pas \u00e0 nous contacter pour en apprendre plus sur le Comit\u00e9 Nouveau Br\u00e9sil ou le rejoindre !<\/strong><\/p>\n\n\n\n<h2 class=\"wp-block-heading\">Contactez-nous par mail<\/h2>\n\n\n\n<p><a href=\"https:\/\/matrix.to\/#\/!bbnOXwDrCOtfhepsxg:matrix.org\/$ULrhWKj1rNEbszw4yV7VVj2-kVJfo7-ONtctUSADFJs?via=matrix.org\"><\/a><a href=\"mailto:comitenouveaubresil@protonmail.com\">nouveaubresil@proton.me<\/a><\/p>\n\n\n\n<div id=\"wp-block-themeisle-blocks-advanced-columns-40db0924\" class=\"wp-block-themeisle-blocks-advanced-columns alignfull has-1-columns has-desktop-equal-layout has-tablet-equal-layout has-mobile-collapsedRows-layout has-vertical-top ticss-c00aadba\"><div class=\"wp-block-themeisle-blocks-advanced-columns-overlay\"><\/div><div class=\"innerblocks-wrap\">\n<div id=\"wp-block-themeisle-blocks-advanced-column-ee3078f9\" class=\"wp-block-themeisle-blocks-advanced-column\">\n<div id=\"wp-block-themeisle-blocks-form-c02278c7\" class=\"wp-block-themeisle-blocks-form\" data-option-name=\"bf9b28ff82ce323187abc5d0feb0d8f07ecd8436_c02278c7\"><form class=\"otter-form__container\">\n<div id=\"wp-block-themeisle-blocks-form-input-b7bbe5bf\" class=\"wp-block-themeisle-blocks-form-input\"><label for=\"wp-block-themeisle-blocks-form-input-b7bbe5bf-input\" class=\"otter-form-input-label\"><span class=\"otter-form-input-label__label\">Name<\/span><span class=\"required\">*<\/span><\/label><input type=\"text\" id=\"wp-block-themeisle-blocks-form-input-b7bbe5bf-input\" required class=\"otter-form-input\"\/><\/div>\n\n\n\n<div id=\"wp-block-themeisle-blocks-form-input-6cf151a8\" class=\"wp-block-themeisle-blocks-form-input\"><label for=\"wp-block-themeisle-blocks-form-input-6cf151a8-input\" class=\"otter-form-input-label\"><span class=\"otter-form-input-label__label\">Email<\/span><span class=\"required\">*<\/span><\/label><input type=\"email\" id=\"wp-block-themeisle-blocks-form-input-6cf151a8-input\" required class=\"otter-form-input\"\/><\/div>\n\n\n\n<div id=\"wp-block-themeisle-blocks-form-textarea-516ebef1\" class=\"wp-block-themeisle-blocks-form-textarea\"><label for=\"wp-block-themeisle-blocks-form-textarea-516ebef1-input\" class=\"otter-form-textarea-label\"><span class=\"otter-form-textarea-label__label\">Message<\/span><\/label><textarea id=\"wp-block-themeisle-blocks-form-textarea-516ebef1-input\" rows=\"10\" class=\"otter-form-textarea-input\"><\/textarea><\/div>\n\n\n\n<p class=\"has-extra-small-font-size\"><\/p>\n\n\n<div class=\"protection\" aria-hidden=\"true\"><input type=\"hidden\" id=\"wp-block-themeisle-blocks-form-c02278c7_nonce_field\" name=\"wp-block-themeisle-blocks-form-c02278c7_nonce_field\" value=\"d81f68a056\" \/><input type=\"hidden\" name=\"_wp_http_referer\" value=\"\/index.php\/wp-json\/wp\/v2\/pages\/413\" \/><input class=\"o-anti-bot\" type=\"checkbox\"><\/div><div class=\"wp-block-button\"><button class=\"wp-block-button__link\" type=\"submit\">Submit<\/button><\/div><\/form><\/div>\n<\/div>\n<\/div><\/div>\n","protected":false},"excerpt":{"rendered":"<p>N\u2019h\u00e9sitez pas \u00e0 nous contacter pour en apprendre plus sur le Comit\u00e9 Nouveau Br\u00e9sil ou le rejoindre ! Contactez-nous par mail nouveaubresil@proton.me<\/p>\n","protected":false},"author":1,"featured_media":0,"parent":0,"menu_order":0,"comment_status":"closed","ping_status":"closed","template":"","meta":{"_themeisle_gutenberg_block_has_review":false,"footnotes":""},"class_list":["post-413","page","type-page","status-publish","hentry"],"_links":{"self":[{"href":"https:\/\/comitenouveaubresil.org\/index.php\/wp-json\/wp\/v2\/pages\/413","targetHints":{"allow":["GET"]}}],"collection":[{"href":"https:\/\/comitenouveaubresil.org\/index.php\/wp-json\/wp\/v2\/pages"}],"about":[{"href":"https:\/\/comitenouveaubresil.org\/index.php\/wp-json\/wp\/v2\/types\/page"}],"author":[{"embeddable":true,"href":"https:\/\/comitenouveaubresil.org\/index.php\/wp-json\/wp\/v2\/users\/1"}],"replies":[{"embeddable":true,"href":"https:\/\/comitenouveaubresil.org\/index.php\/wp-json\/wp\/v2\/comments?post=413"}],"version-history":[{"count":5,"href":"https:\/\/comitenouveaubresil.org\/index.php\/wp-json\/wp\/v2\/pages\/413\/revisions"}],"predecessor-version":[{"id":508,"href":"https:\/\/comitenouveaubresil.org\/index.php\/wp-json\/wp\/v2\/pages\/413\/revisions\/508"}],"wp:attachment":[{"href":"https:\/\/comitenouveaubresil.org\/index.php\/wp-json\/wp\/v2\/media?parent=413"}],"curies":[{"name":"wp","href":"https:\/\/api.w.org\/{rel}","templated":true}]}}